{"id":6,"date":"2024-12-14T10:59:19","date_gmt":"2024-12-14T13:59:19","guid":{"rendered":"https:\/\/inovarinteligenciadigital.com.br\/digital\/?page_id=6"},"modified":"2024-12-14T11:00:52","modified_gmt":"2024-12-14T14:00:52","slug":"inicio","status":"publish","type":"page","link":"https:\/\/inovarinteligenciadigital.com.br\/digital\/","title":{"rendered":"In\u00edcio"},"content":{"rendered":"\n<p><strong>Inovar Intelig\u00eancia Digital<\/strong><\/p>\n\n\n\n<p>Tecnologias, Educa\u00e7\u00e3o, Inova\u00e7\u00e3o, Aplicativos e Intelig\u00eancia Artificial<\/p>\n\n\n\n<p>Ambiente de Estudos, Pesquisa, Desenvolvimento e Autoria Digital.<\/p>\n\n\n\n<p>Educa\u00e7\u00e3o Digital e Intelig\u00eancia Artificial <\/p>\n\n\n\n<p>Prof. Dr. M\u00e1rcio Luiz Corr\u00eaa Vila\u00e7a<\/p>\n","protected":false},"excerpt":{"rendered":"<p>Inovar Intelig\u00eancia Digital Tecnologias, Educa\u00e7\u00e3o, Inova\u00e7\u00e3o, Aplicativos e Intelig\u00eancia Artificial Ambiente de Estudos, Pesquisa, Desenvolvimento e Autoria Digital. Educa\u00e7\u00e3o Digital e Intelig\u00eancia Artificial Prof. Dr. M\u00e1rcio Luiz Corr\u00eaa Vila\u00e7a<\/p>\n","protected":false},"author":1,"featured_media":0,"parent":0,"menu_order":0,"comment_status":"closed","ping_status":"closed","template":"","meta":{"_siteseo_robots_primary_cat":"","pagelayer_contact_templates":[],"_pagelayer_content":"","footnotes":""},"class_list":["post-6","page","type-page","status-publish","hentry"],"_links":{"self":[{"href":"https:\/\/inovarinteligenciadigital.com.br\/digital\/wp-json\/wp\/v2\/pages\/6","targetHints":{"allow":["GET"]}}],"collection":[{"href":"https:\/\/inovarinteligenciadigital.com.br\/digital\/wp-json\/wp\/v2\/pages"}],"about":[{"href":"https:\/\/inovarinteligenciadigital.com.br\/digital\/wp-json\/wp\/v2\/types\/page"}],"author":[{"embeddable":true,"href":"https:\/\/inovarinteligenciadigital.com.br\/digital\/wp-json\/wp\/v2\/users\/1"}],"replies":[{"embeddable":true,"href":"https:\/\/inovarinteligenciadigital.com.br\/digital\/wp-json\/wp\/v2\/comments?post=6"}],"version-history":[{"count":3,"href":"https:\/\/inovarinteligenciadigital.com.br\/digital\/wp-json\/wp\/v2\/pages\/6\/revisions"}],"predecessor-version":[{"id":16,"href":"https:\/\/inovarinteligenciadigital.com.br\/digital\/wp-json\/wp\/v2\/pages\/6\/revisions\/16"}],"wp:attachment":[{"href":"https:\/\/inovarinteligenciadigital.com.br\/digital\/wp-json\/wp\/v2\/media?parent=6"}],"curies":[{"name":"wp","href":"https:\/\/api.w.org\/{rel}","templated":true}]}}